{"id":340,"date":"2015-08-06T10:20:46","date_gmt":"2015-08-06T10:20:46","guid":{"rendered":"http:\/\/kranenbroek-echt.nl\/?page_id=340"},"modified":"2024-08-16T12:41:01","modified_gmt":"2024-08-16T11:41:01","slug":"hardlopen","status":"publish","type":"page","link":"https:\/\/kranenbroek-echt.nl\/index.php\/hardlopen\/","title":{"rendered":"HARDLOPEN"},"content":{"rendered":"<div id=\"pl-340\"  class=\"panel-layout\" ><div id=\"pg-340-0\"  class=\"panel-grid panel-no-style\" ><div id=\"pgc-340-0-0\"  class=\"panel-grid-cell\" ><div id=\"panel-340-0-0-0\" class=\"so-panel widget widget_black-studio-tinymce widget_black_studio_tinymce panel-first-child panel-last-child\" data-index=\"0\" ><div class=\"textwidget\"><p><span style=\"color: #000000;\">De trainers\/begeleiders van RVK verzorgen twee keer per week hardlooptrainingen:<\/span><\/p>\n<p><span style=\"color: #000000;\">Voor de invulling van de trainingen klik\u00a0<a href=\"https:\/\/kranenbroek-echt.nl\/index.php\/nieuws-2\/\">hier<\/a>.<\/span><\/p>\n<p><span style=\"color: #000000;\"><strong>ZONDAGOCHTEND<\/strong>:<\/span><\/p>\n<p><span style=\"color: #000000;\"><strong><u>zomer en winter<\/u>:<\/strong> 9.30 - 10.45 uur in natuurgebied het Kranenbroek in Pey-Echt.<\/span><br \/>\n<span style=\"color: #000000;\">\u00a0<\/span><\/p>\n<p><span style=\"color: #000000;\"><strong>WOENSDAGAVOND<\/strong>:<\/span><\/p>\n<p><span style=\"color: #000000;\"><strong><u>zomer<\/u><\/strong>: vanaf de woensdag na de Bosloop van april t\/m de woensdag v\u00f3\u00f3r de Bosloop van september: 19.00 - 20.15 uur in natuurgebied het Kranenbroek in Pey-Echt.<\/span><br \/>\n<span style=\"color: #000000;\"><strong><u>winter<\/u><\/strong>: vanaf de woensdag na de Bosloop van september tot en met de woensdag v\u00f3\u00f3r de Bosloop van april: 19.00 - 20.15 uur vanaf het plein v\u00f3\u00f3r de sporthal in Leisurepark de Bandert in Echt.\u00a0<\/span><\/p>\n<p><span style=\"color: #000000;\">Voor de uitslagen van de <strong>KRANENBROEKER BOSLOPEN\u00a0<\/strong>ga je naar<\/span>:<br \/>\n<a href=\"https:\/\/kranenbroek-echt.nl\/index.php\/uitslagen\/\">https:\/\/kranenbroek-echt.nl\/index.php\/uitslagen\/<\/a><\/p>\n<\/div><\/div><\/div><div id=\"pgc-340-0-1\"  class=\"panel-grid-cell\" ><div id=\"panel-340-0-1-0\" class=\"so-panel widget widget_black-studio-tinymce widget_black_studio_tinymce panel-first-child panel-last-child\" data-index=\"1\" ><div class=\"textwidget\"><p><img loading=\"lazy\" decoding=\"async\" class=\"alignnone size-large wp-image-6122\" src=\"https:\/\/kranenbroek-echt.nl\/wp-content\/uploads\/2022\/07\/CD3DBBFF-D019-404F-820C-4A28D065C7C9_1_201_a-1024x707.jpeg\" alt=\"\" width=\"720\" height=\"497\" srcset=\"https:\/\/kranenbroek-echt.nl\/wp-content\/uploads\/2022\/07\/CD3DBBFF-D019-404F-820C-4A28D065C7C9_1_201_a-1024x707.jpeg 1024w, https:\/\/kranenbroek-echt.nl\/wp-content\/uploads\/2022\/07\/CD3DBBFF-D019-404F-820C-4A28D065C7C9_1_201_a-300x207.jpeg 300w, https:\/\/kranenbroek-echt.nl\/wp-content\/uploads\/2022\/07\/CD3DBBFF-D019-404F-820C-4A28D065C7C9_1_201_a-768x530.jpeg 768w, https:\/\/kranenbroek-echt.nl\/wp-content\/uploads\/2022\/07\/CD3DBBFF-D019-404F-820C-4A28D065C7C9_1_201_a-1536x1061.jpeg 1536w, https:\/\/kranenbroek-echt.nl\/wp-content\/uploads\/2022\/07\/CD3DBBFF-D019-404F-820C-4A28D065C7C9_1_201_a-2048x1414.jpeg 2048w\" sizes=\"auto, (max-width: 720px) 100vw, 720px\" \/><\/p>\n<\/div><\/div><\/div><\/div><\/div>","protected":false},"excerpt":{"rendered":"<p>De trainers\/begeleiders van RVK verzorgen twee keer per week hardlooptrainingen: Voor de invulling van de trainingen klik\u00a0hier. ZONDAGOCHTEND: zomer en winter: 9.30 &#8211; 10.45 uur in natuurgebied het Kranenbroek in Pey-Echt. \u00a0 WOENSDAGAVOND: zomer: vanaf de woensdag na de Bosloop van april t\/m de woensdag v\u00f3\u00f3r de Bosloop van september: 19.00 &#8211; 20.15 uur in [&hellip;]<\/p>\n","protected":false},"author":1,"featured_media":0,"parent":0,"menu_order":0,"comment_status":"closed","ping_status":"closed","template":"templates\/template-full.php","meta":{"footnotes":""},"class_list":["post-340","page","type-page","status-publish","hentry","post"],"_links":{"self":[{"href":"https:\/\/kranenbroek-echt.nl\/index.php\/wp-json\/wp\/v2\/pages\/340","targetHints":{"allow":["GET"]}}],"collection":[{"href":"https:\/\/kranenbroek-echt.nl\/index.php\/wp-json\/wp\/v2\/pages"}],"about":[{"href":"https:\/\/kranenbroek-echt.nl\/index.php\/wp-json\/wp\/v2\/types\/page"}],"author":[{"embeddable":true,"href":"https:\/\/kranenbroek-echt.nl\/index.php\/wp-json\/wp\/v2\/users\/1"}],"replies":[{"embeddable":true,"href":"https:\/\/kranenbroek-echt.nl\/index.php\/wp-json\/wp\/v2\/comments?post=340"}],"version-history":[{"count":0,"href":"https:\/\/kranenbroek-echt.nl\/index.php\/wp-json\/wp\/v2\/pages\/340\/revisions"}],"wp:attachment":[{"href":"https:\/\/kranenbroek-echt.nl\/index.php\/wp-json\/wp\/v2\/media?parent=340"}],"curies":[{"name":"wp","href":"https:\/\/api.w.org\/{rel}","templated":true}]}}